{"id":29,"date":"2023-02-17T22:58:38","date_gmt":"2023-02-17T21:58:38","guid":{"rendered":"http:\/\/eade.design.blog\/committee\/"},"modified":"2023-04-21T15:46:29","modified_gmt":"2023-04-21T13:46:29","slug":"committee","status":"publish","type":"page","link":"https:\/\/eade.pwr.edu.pl\/?page_id=29","title":{"rendered":"Committee"},"content":{"rendered":"\n<h4 class=\"wp-block-heading has-text-align-left\">Conference Patrons<\/h4>\n\n\n\n<p><strong>Prof. Dr Hab. In\u017c. Arkadiusz W\u00f3js<\/strong>, Rector, Wroc\u0142aw University of Science and Technology, Wroc\u0142aw, Poland<\/p>\n\n\n\n<p><strong>Prof. Dr Hab. Ing. Arch. Andrzej Bia\u0142kiewicz,<\/strong> Rector, Cracow University of Technology, Krak\u00f3w, Poland<\/p>\n\n\n\n<p><strong>Prof. Dr Hab. Ing. Krzysztof Wilde<\/strong>, Rector, Gda\u0144sk University of Technology, Gda\u0144sk, Poland<\/p>\n\n\n\n<p><strong>Dr hc, Prof. hc, Prof. Dr Ing. Oliver Morav\u010d\u00edk<\/strong>, Rector, Slovak University of Technology in Bratislava, Bratislava, Slovakia<\/p>\n\n\n\n<hr class=\"wp-block-separator has-css-opacity is-style-wide\"\/>\n\n\n\n<div style=\"height:32px\" aria-hidden=\"true\" class=\"wp-block-spacer\"><\/div>\n\n\n\n<h4 class=\"wp-block-heading has-text-align-left\">Conference Honorary Chairmen<\/h4>\n\n\n\n<p><strong>Prof. Dr Hab. Ing. Arch. Barbara E. Gronostajska<\/strong>, Dean, Faculty of Architecture, Wroc\u0142aw University of Science and Technology, Wroc\u0142aw, Poland<\/p>\n\n\n\n<p><strong>Prof. Dr Hab. Ing. Arch. Magdalena Kozie\u0144-Wo\u017aniak<\/strong>, Dean, Faculty of Architecture, Cracow University of Technology, Krak\u00f3w, Poland<\/p>\n\n\n\n<p><strong>Prof. Dr Hab. Ing. Arch. Lucyna Nyka<\/strong>, Dean, Faculty of Architecture, Gda\u0144sk University of Technology, Gda\u0144sk, Poland<\/p>\n\n\n\n<p><strong>A\/Prof. Dr Ing. Arch. Branislav Pu\u0161k\u00e1r<\/strong>, Dean, Faculty of Architecture and Design, Slovak University of Technology in Bratislava, Bratislava, Slovakia<\/p>\n\n\n\n<hr class=\"wp-block-separator has-css-opacity is-style-wide\"\/>\n\n\n\n<div style=\"height:32px\" aria-hidden=\"true\" class=\"wp-block-spacer\"><\/div>\n\n\n\n<h4 class=\"wp-block-heading has-text-align-left\">Conference Co-Chairmen<\/h4>\n\n\n\n<p><strong>Prof. Joanna Jab\u0142o\u0144ska<\/strong>, Vice-Dean, Faculty of Architecture, Wroc\u0142aw University of Science and Technology, Wroc\u0142aw, Poland<\/p>\n\n\n\n<p><strong>Prof. Tomasz Koz\u0142owski<\/strong>, Vice-Dean, Faculty of Architecture, Cracow University of Technology, Krak\u00f3w, Poland<\/p>\n\n\n\n<p><strong>Dr Ing. arch. Kl\u00e1ra Mach\u00e1\u010dov\u00e1<\/strong>, Vice-Dean, Faculty of Architecture and Design, Slovak University of Technology in Bratislava, Bratislava, Slovakia<\/p>\n\n\n\n<p><strong>Prof. Zenon J. Pudlowski<\/strong>, WIETE Director, Melbourne, Australia<\/p>\n\n\n\n<p><strong>Prof. Robert \u0160pa\u010dek<\/strong>, Faculty of Architecture and Design, Slovak University of Technology in Bratislava, Bratislava, Slovakia; President, WIETE-International Academic Advisory Committee<\/p>\n\n\n\n<p><strong>Prof. Jakub Szczepa\u0144ski<\/strong>, Vice-Dean, Faculty of Architecture, Gda\u0144sk University of Technology, Gda\u0144sk, Poland<\/p>\n\n\n\n<p><strong>Prof. Romuald Tarczewski,<\/strong> Faculty of Architecture, Wroc\u0142aw University of Science and Technology, Wroc\u0142aw, Poland<\/p>\n\n\n\n<div style=\"height:32px\" aria-hidden=\"true\" class=\"wp-block-spacer\"><\/div>\n\n\n\n<hr class=\"wp-block-separator has-css-opacity is-style-wide\"\/>\n\n\n\n<h4 class=\"wp-block-heading\">Honorary Co-Chairmen<\/h4>\n\n\n\n<p><strong>Prof. Adinarayana Kalanidhi<\/strong>, Commonwealth Science and Technology Academy for Research, Chennai, India<\/p>\n\n\n\n<p><strong>Prof. Sabina Kuc<\/strong>, Cracow University of Technology, Krak\u00f3w, Poland<\/p>\n\n\n\n<p><strong>Prof. Em. George Metaxas<\/strong>, University of West Attica, Piraeus-Athens, Greece<\/p>\n\n\n\n<p><strong>Prof. Andrew Nafalski<\/strong>, University of South Australia, Adelaide, Australia<\/p>\n\n\n\n<p><strong>Prof. Derek O. Northwood<\/strong>, University of Windsor, Windsor, Canada<\/p>\n\n\n\n<p><strong>Prof. \u013dubica Vitkov\u00e1<\/strong>, Slovak University of Technology in Bratislava, Bratislava, Slovakia<\/p>\n\n\n\n<div style=\"height:32px\" aria-hidden=\"true\" class=\"wp-block-spacer\"><\/div>\n\n\n\n<hr class=\"wp-block-separator has-css-opacity is-style-wide\"\/>\n\n\n\n<h4 class=\"wp-block-heading\">Committee Members<\/h4>\n\n\n\n<p><strong>A\/Prof. Monther Aldwairi<\/strong>, Zayed University, Abu Dhabi, Unite Arab Emirates<\/p>\n\n\n\n<p><strong>A\/Prof. Abdullah A. Alshehri<\/strong>, King Abdulaziz University, Jeddah, Kingdom of Saudi Arabia<\/p>\n\n\n\n<p><strong>A\/Prof. Stanislav Avsec<\/strong>, University of Ljubljana, Ljubljana, Slovenia<\/p>\n\n\n\n<p><strong>Prof. Eugene Berman<\/strong>, Ben-Gurion University of the Negev, Beer-Sheva, Israel<\/p>\n\n\n\n<p><strong>Prof. Wac\u0142aw Celadyn<\/strong>, Cracow University of Technology, Krak\u00f3w, Poland<\/p>\n\n\n\n<p><strong>DSc Ing. Arch. Magdalena Celadyn<\/strong>, Jan Matejko Academy of Fine Arts, Krak\u00f3w, Poland<\/p>\n\n\n\n<p><strong>Dr Ing. Arch. Michal Czaf\u00edk,<\/strong> Slovak University of Technology in Bratislava, Bratislava, Slovakia<\/p>\n\n\n\n<p><strong>A\/Prof. Maurice M. Danaher<\/strong>, Zayed University, Abu Dhabi, United Arab Emirates<\/p>\n\n\n\n<p><strong>Prof. Joanna Gil-Mastalerczyk<\/strong>, Kielce University of Technology, Kielce, Poland<\/p>\n\n\n\n<p><strong>Prof. Marietjie Havenga<\/strong>, North-West University, Potchefstroom, South Africa<\/p>\n\n\n\n<p><strong>Prof. Pierre E. Hertzog<\/strong>, Central University of Technology, Bloemfontein, South Africa<\/p>\n\n\n\n<p><strong>A\/Prof. Imanuel Hitipeuw<\/strong>, State University of Malang, Malang, Indonesia<\/p>\n\n\n\n<p><strong>A\/Prof. J\u00e1n Ilkovi\u010d<\/strong>, Slovak University of Technology in Bratislava, Bratislava, Slovakia<\/p>\n\n\n\n<p><strong>A\/Prof. \u013dubica Ilkovi\u010dov\u00e1<\/strong>, Slovak University of Technology in Bratislava, Bratislava, Slovakia<\/p>\n\n\n\n<p><strong>Prof. Justyna Kobylarczyk<\/strong>, Cracow University of Technology, Krak\u00f3w, Poland<\/p>\n\n\n\n<p><strong>Prof. Karolina Kro\u015bnicka<\/strong>, Gda\u0144sk University of Technology, Gda\u0144sk, Poland<\/p>\n\n\n\n<p><strong>Prof. Em. Viljan Mahnic<\/strong>, University of Ljubljana, Ljubljana, Slovenia<\/p>\n\n\n\n<p><strong>Prof. Moses Makgato<\/strong>, Tshwane University of Technology, Pretoria, South Africa<\/p>\n\n\n\n<p><strong>Prof. Beata Makowska<\/strong>, Cracow University of Technology, Krak\u00f3w, Poland<\/p>\n\n\n\n<p><strong>Dr Agnieszka Matusik<\/strong>, Cracow University of Technology, Krak\u00f3w, Poland<\/p>\n\n\n\n<p><strong>Dr Dianne Q. Nguyen<\/strong>, WIETE, Melbourne, Australia<\/p>\n\n\n\n<p><strong>Prof. Martina Pe\u0159inkov\u00e1<\/strong>, Technical University of Ostrava, Ostrava, Czech Republic<\/p>\n\n\n\n<p><strong>Mrs Dorota I. Pudlowski<\/strong>, WIETE, Melbourne, Australia<\/p>\n\n\n\n<p><strong>A\/Prof. Daniela Pusca<\/strong>, University of Windsor, Windsor, Ontario, Canada<\/p>\n\n\n\n<p><strong>Prof. Kinga Raco\u0144-Leja<\/strong>, Cracow University of Technology, Krak\u00f3w, Poland<\/p>\n\n\n\n<p><strong>Dr David Rihtar\u0161i\u010d<\/strong>, University of Ljubljana, Ljubljana, Slovenia<\/p>\n\n\n\n<p><strong>Prof. Wen-Jye Shyr<\/strong>, National Changhua University of Education, Changhua, Taiwan<\/p>\n\n\n\n<p><strong>Prof. Arthur J. Swart<\/strong>, Central University of Technology, Bloemfontein, South Africa<\/p>\n\n\n\n<p><strong>Dr Anna Sygulska<\/strong>, Pozna\u0144 University of Technology, Pozna\u0144, Poland<\/p>\n\n\n\n<p><strong>Prof. Antoni Taraszkiewicz<\/strong>, Gda\u0144sk University of Technology, Gda\u0144sk, Poland<\/p>\n\n\n\n<p><strong>Dr Steven Thatcher<\/strong>, Private Consultant, Cairns, Australia<\/p>\n\n\n\n<p><strong>Prof. Jacek Uziak<\/strong>, College of Management and Enterprise, Wa\u0142brzych, Poland<\/p>\n\n\n\n<p><strong>Prof. Em. Algirdas V. Valiulis<\/strong>, Vilnius Gediminas Technical University, Vilnius, Lithuania<\/p>\n\n\n\n<p><strong>Dr Aji P. Wibawa<\/strong>, State University of Malang, Malang, Indonesia<\/p>\n\n\n\n<p><strong>Prof. Maria J. \u017bychowska<\/strong>, Cracow University of Technology, Krak\u00f3w, Poland<\/p>\n\n\n\n<div style=\"height:32px\" aria-hidden=\"true\" class=\"wp-block-spacer\"><\/div>\n\n\n\n<hr class=\"wp-block-separator has-css-opacity is-style-wide\"\/>\n\n\n\n<h4 class=\"wp-block-heading\">Local Organising Committee<\/h4>\n\n\n\n<p><strong>Dr Anna Mi\u015bniakiewicz<\/strong>, Wroc\u0142aw University of Science and Technology, Wroc\u0142aw, Poland (Chairman)<\/p>\n\n\n\n<p><strong>Dr Magdalena W\u0105sowicz<\/strong>, Wroc\u0142aw University of Science and Technology, Wroc\u0142aw, Poland<\/p>\n\n\n\n<p><strong>Dr Joanna Krajewska<\/strong>, Wroc\u0142aw University of Science and Technology, Wroc\u0142aw, Poland<\/p>\n\n\n\n<p><strong>Dr Jakub Onyszkiewicz<\/strong>, Wroc\u0142aw University of Science and Technology, Wroc\u0142aw, Poland<\/p>\n\n\n\n<p><strong>Ms Joanna Gronostajska<\/strong>, Wroc\u0142aw University of Science and Technology, Wroc\u0142aw, Poland<\/p>\n\n\n\n<p><strong>Ms Olga Le\u015bniewicz<\/strong>, Wroc\u0142aw University of Science and Technology, Wroc\u0142aw, Poland<\/p>\n\n\n\n<div style=\"height:32px\" aria-hidden=\"true\" class=\"wp-block-spacer\"><\/div>\n\n\n\n<hr class=\"wp-block-separator has-css-opacity is-style-wide\"\/>\n\n\n\n<figure class=\"wp-block-image alignfull size-large\"><img decoding=\"async\" src=\"https:\/\/eade.pwr.edu.pl\/wp-content\/uploads\/2023\/02\/pasek-5.jpg?w=1024\" alt=\"\" class=\"wp-image-92\"\/><\/figure>\n","protected":false},"excerpt":{"rendered":"<p>Conference Patrons Prof. Dr Hab. In\u017c. Arkadiusz W\u00f3js, Rector, Wroc\u0142aw University of Science and Technology, Wroc\u0142aw, Poland Prof. Dr Hab. Ing. Arch. Andrzej Bia\u0142kiewicz, Rector, Cracow University of Technology, Krak\u00f3w, Poland Prof. Dr Hab. Ing. Krzysztof Wilde, Rector, Gda\u0144sk University of Technology, Gda\u0144sk, Poland Dr hc, Prof. hc, Prof. Dr Ing. Oliver Morav\u010d\u00edk, Rector, Slovak [&hellip;]<\/p>\n","protected":false},"author":2,"featured_media":0,"parent":0,"menu_order":0,"comment_status":"closed","ping_status":"closed","template":"","meta":{"footnotes":""},"class_list":["post-29","page","type-page","status-publish","hentry"],"_links":{"self":[{"href":"https:\/\/eade.pwr.edu.pl\/index.php?rest_route=\/wp\/v2\/pages\/29","targetHints":{"allow":["GET"]}}],"collection":[{"href":"https:\/\/eade.pwr.edu.pl\/index.php?rest_route=\/wp\/v2\/pages"}],"about":[{"href":"https:\/\/eade.pwr.edu.pl\/index.php?rest_route=\/wp\/v2\/types\/page"}],"author":[{"embeddable":true,"href":"https:\/\/eade.pwr.edu.pl\/index.php?rest_route=\/wp\/v2\/users\/2"}],"replies":[{"embeddable":true,"href":"https:\/\/eade.pwr.edu.pl\/index.php?rest_route=%2Fwp%2Fv2%2Fcomments&post=29"}],"version-history":[{"count":5,"href":"https:\/\/eade.pwr.edu.pl\/index.php?rest_route=\/wp\/v2\/pages\/29\/revisions"}],"predecessor-version":[{"id":175,"href":"https:\/\/eade.pwr.edu.pl\/index.php?rest_route=\/wp\/v2\/pages\/29\/revisions\/175"}],"wp:attachment":[{"href":"https:\/\/eade.pwr.edu.pl\/index.php?rest_route=%2Fwp%2Fv2%2Fmedia&parent=29"}],"curies":[{"name":"wp","href":"https:\/\/api.w.org\/{rel}","templated":true}]}}