{"id":128,"date":"2023-02-24T11:46:46","date_gmt":"2023-02-24T10:46:46","guid":{"rendered":"http:\/\/eade.design.blog\/call-for-papers-2\/"},"modified":"2023-05-10T18:57:19","modified_gmt":"2023-05-10T16:57:19","slug":"call-for-papers-2","status":"publish","type":"page","link":"https:\/\/eade.pwr.edu.pl\/?page_id=128","title":{"rendered":"Call for papers"},"content":{"rendered":"\n<h4 class=\"wp-block-heading has-text-align-left\">Call for Papers and Contributions<\/h4>\n\n\n\n<div style=\"height:20px\" aria-hidden=\"true\" class=\"wp-block-spacer\"><\/div>\n\n\n\n<p>A call is made for research papers and other relevant contributions, such as posters and workshops, as well as other innovative activities. It is expected that the proposed Conference contributions will address the topics mentioned above and\/or other topics and contributions relevant to the Conference aims and objectives.<\/p>\n\n\n\n<p>Prospective authors should submit an abstract of 250-350 words, in English, outlining the aims, content and conclusions of their papers and other contributions. The abstract should include the title of the paper, authors\u2019 names, affiliations, mailing addresses, e-mail address and telephone. Authors\u2019 contributions (in form of research articles) will be printed after the Conference, with soft editing, language correction and formatting. The authors must present their papers or carry out intended activities personally, as their contributions will not be included in the Conference publication unless delivered.<\/p>\n\n\n\n<hr class=\"wp-block-separator has-css-opacity is-style-wide\"\/>\n\n\n\n<div style=\"height:32px\" aria-hidden=\"true\" class=\"wp-block-spacer\"><\/div>\n\n\n\n<h4 class=\"wp-block-heading has-text-align-left\">Invited Special Sessions<\/h4>\n\n\n\n<p>A number of well-known local and international experts will be invited to address the Conference on key issues of engineering and technology education. Sessions will be structured to encourage useful discussion and it is intended that such discussion will be summarised towards the end of the Conference.<\/p>\n\n\n\n<p>Proposals for the arrangement of invited sessions are welcome. These sessions are expected to address topical issues on engineering and technology education. Each proposal should include the names and affiliations of authors, as well as the abstracts of their papers. Proposals are also invited for the organisation of panel discussion sessions. Each proposal should include the names and brief r\u00e9sum\u00e9s of the panellists. There is also room for innovative formats, permitting flexible arrangements for poster sessions, group discussions and interaction, demonstrations, etc. Any institution or individual interested in conducting such an activity should contact the Conference Chairman.<\/p>\n\n\n\n<hr class=\"wp-block-separator has-css-opacity is-style-wide\"\/>\n\n\n\n<div style=\"height:32px\" aria-hidden=\"true\" class=\"wp-block-spacer\"><\/div>\n\n\n\n<h4 class=\"wp-block-heading has-text-align-left\">Conference Publication<\/h4>\n\n\n\n<p>It is envisaged that high quality papers presented at the Conference will be published in the World Transactions on Engineering and Technology Education (WTE&amp;TE) and\/or the Global Journal of Engineering Education (GJEE) after the Conference, subject to positive referees\u2019 reports, satisfactory editorial assessment and the presentation at the Conference. Potential contributors should note that the final decision as to the acceptance of papers for inclusion in the WIETE journals is made by the Editor-in-Chief. An individual participant can only propose one research paper contribution to the Conference.<\/p>\n\n\n\n<p>Authors of the papers accepted to be published in the WIETE journals, when notified, will pay the paper publication fee of $A800 directly to the WIETE account.<\/p>\n\n\n\n<hr class=\"wp-block-separator has-css-opacity is-style-wide\"\/>\n\n\n\n<div style=\"height:32px\" aria-hidden=\"true\" class=\"wp-block-spacer\"><\/div>\n\n\n\n<h4 class=\"wp-block-heading has-text-align-left\">Deadlines<\/h4>\n\n\n\n<p>Conference contributors should note the following deadlines:<\/p>\n\n\n\n<p>Receipt of papers\/proposals: <strong>the date was postponed at the request of the participants to<\/strong> <strong>07 <strong>April<\/strong> 2023<\/strong><\/p>\n\n\n\n<p>Notification of acceptance: <strong>13 April 2023<\/strong><\/p>\n\n\n\n<p>Preliminary Programme circulated: <strong>15 April 2023<\/strong><\/p>\n\n\n\n<p>Payment of the conference participation fee: <strong>until 1 May 2023<\/strong><\/p>\n\n\n\n<p>Receipt of final manuscripts: <strong>8 May 2023<\/strong> <strong>&#8211; extended &#8211; at the request of Participants<\/strong><\/p>\n\n\n\n<p>Acceptance of contributions notified: <strong>19 May 2023 &#8211; extended<\/strong><\/p>\n\n\n\n<p><strong>Payment in EUR<\/strong><\/p>\n\n\n\n<figure class=\"wp-block-table\"><table><tbody><tr><td>Account owner:<\/td><td>Wroclaw University of Science and Technology, Wybrzeze Wyspianskiego 27, 50-370 Wroc\u0142aw<\/td><\/tr><tr><td>Bank&#8217;s name:<\/td><td>Santander Bank Polska<\/td><\/tr><tr><td>SWIFT\/BIC:<\/td><td>WBKPPLPPXXX<\/td><\/tr><tr><td>Account number:<\/td><td>PL 91 1090 2402 0000 0006 1000 0626<\/td><\/tr><tr><td>Transfer title:<\/td><td>EADE-2023, participant&#8217;s name, 2001\/0010\/23<\/td><\/tr><\/tbody><\/table><\/figure>\n\n\n\n<p><strong>Payment in PLN<\/strong><\/p>\n\n\n\n<figure class=\"wp-block-table\"><table><tbody><tr><td>W\u0142a\u015bciciel konta:<\/td><td>Politechnika Wroc\u0142awska, Wybrze\u017ce Wyspia\u0144skiego 27, 50-370 Wroc\u0142aw<\/td><\/tr><tr><td>Nazwa Banku:<\/td><td>Santander Bank Polska<\/td><\/tr><tr><td>SWIFT\/BIC:<\/td><td>WBKPPLPPXXX<\/td><\/tr><tr><td>Numer konta:<\/td><td>PL 37 1090 2402 0000 0006 1000 0434<\/td><\/tr><tr><td>Tytu\u0142 przelewu:<\/td><td>EADE-2023, participant&#8217;s name, 2001\/0010\/23<\/td><\/tr><\/tbody><\/table><\/figure>\n\n\n\n<figure class=\"wp-block-image size-large\"><img loading=\"lazy\" decoding=\"async\" width=\"750\" height=\"1024\" src=\"https:\/\/eade.pwr.edu.pl\/wp-content\/uploads\/2023\/03\/Poster_EADE_2023_kompres-3-Large-750x1024.jpeg\" alt=\"\" class=\"wp-image-147\" srcset=\"https:\/\/eade.pwr.edu.pl\/wp-content\/uploads\/2023\/03\/Poster_EADE_2023_kompres-3-Large-750x1024.jpeg 750w, https:\/\/eade.pwr.edu.pl\/wp-content\/uploads\/2023\/03\/Poster_EADE_2023_kompres-3-Large-220x300.jpeg 220w, https:\/\/eade.pwr.edu.pl\/wp-content\/uploads\/2023\/03\/Poster_EADE_2023_kompres-3-Large-768x1048.jpeg 768w, https:\/\/eade.pwr.edu.pl\/wp-content\/uploads\/2023\/03\/Poster_EADE_2023_kompres-3-Large.jpeg 938w\" sizes=\"auto, (max-width: 750px) 100vw, 750px\" \/><\/figure>\n\n\n\n<figure class=\"wp-block-image alignfull size-large\"><img decoding=\"async\" src=\"https:\/\/eade.pwr.edu.pl\/wp-content\/uploads\/2023\/02\/pasek-4.jpg?w=1024\" alt=\"\" class=\"wp-image-89\"\/><\/figure>\n","protected":false},"excerpt":{"rendered":"<p>Call for Papers and Contributions A call is made for research papers and other relevant contributions, such as posters and workshops, as well as other innovative activities. It is expected that the proposed Conference contributions will address the topics mentioned above and\/or other topics and contributions relevant to the Conference aims and objectives. Prospective authors [&hellip;]<\/p>\n","protected":false},"author":2,"featured_media":0,"parent":0,"menu_order":0,"comment_status":"closed","ping_status":"closed","template":"","meta":{"footnotes":""},"class_list":["post-128","page","type-page","status-publish","hentry"],"_links":{"self":[{"href":"https:\/\/eade.pwr.edu.pl\/index.php?rest_route=\/wp\/v2\/pages\/128","targetHints":{"allow":["GET"]}}],"collection":[{"href":"https:\/\/eade.pwr.edu.pl\/index.php?rest_route=\/wp\/v2\/pages"}],"about":[{"href":"https:\/\/eade.pwr.edu.pl\/index.php?rest_route=\/wp\/v2\/types\/page"}],"author":[{"embeddable":true,"href":"https:\/\/eade.pwr.edu.pl\/index.php?rest_route=\/wp\/v2\/users\/2"}],"replies":[{"embeddable":true,"href":"https:\/\/eade.pwr.edu.pl\/index.php?rest_route=%2Fwp%2Fv2%2Fcomments&post=128"}],"version-history":[{"count":8,"href":"https:\/\/eade.pwr.edu.pl\/index.php?rest_route=\/wp\/v2\/pages\/128\/revisions"}],"predecessor-version":[{"id":191,"href":"https:\/\/eade.pwr.edu.pl\/index.php?rest_route=\/wp\/v2\/pages\/128\/revisions\/191"}],"wp:attachment":[{"href":"https:\/\/eade.pwr.edu.pl\/index.php?rest_route=%2Fwp%2Fv2%2Fmedia&parent=128"}],"curies":[{"name":"wp","href":"https:\/\/api.w.org\/{rel}","templated":true}]}}