{"id":108,"date":"2023-02-23T13:46:11","date_gmt":"2023-02-23T12:46:11","guid":{"rendered":"http:\/\/eade.design.blog\/108-2\/"},"modified":"2023-03-07T15:03:09","modified_gmt":"2023-03-07T14:03:09","slug":"108-2","status":"publish","type":"page","link":"https:\/\/eade.pwr.edu.pl\/","title":{"rendered":""},"content":{"rendered":"\n<div class=\"wp-block-columns alignwide is-layout-flex wp-container-core-columns-is-layout-28f84493 wp-block-columns-is-layout-flex\">\n<div class=\"wp-block-column is-layout-flow wp-block-column-is-layout-flow\" style=\"flex-basis:900px\">\n<h1 class=\"wp-block-heading\"><span><u>Conference on Engineering and Architecture Design Education (EADE-2023<\/u><\/span><span>)<\/span><\/h1>\n\n\n\n<p class=\"has-normal-font-size\"><\/p>\n<\/div>\n<\/div>\n\n\n\n<div class=\"wp-block-group alignwide is-layout-flow wp-block-group-is-layout-flow\">\n<div class=\"wp-block-media-text alignwide is-stacked-on-mobile\"><figure class=\"wp-block-media-text__media\"><img decoding=\"async\" src=\"https:\/\/eade.pwr.edu.pl\/wp-content\/uploads\/2023\/02\/eade_2023.jpg?w=1024\" alt=\"\" class=\"wp-image-119 size-full\"\/><\/figure><div class=\"wp-block-media-text__content\">\n<p>The Organisers<\/p>\n\n\n\n<p>Faculty of Architecture, Wroc\u0142aw University of Science and Technology, Wroc\u0142aw, Poland<\/p>\n\n\n\n<p>Faculty of Architecture, Cracow University of Technology, Krak\u00f3w, Poland<\/p>\n\n\n\n<p>Faculty of Architecture, Gda\u0144sk University of Technology, Gda\u0144sk, Poland<\/p>\n\n\n\n<p>Faculty of Architecture and Design, Slovak University of Technology in Bratislava, Bratislava, Slovakia<\/p>\n\n\n\n<p>The World Institute for Engineering and Technology Education (WIETE), Melbourne, Australia<\/p>\n<\/div><\/div>\n\n\n\n<p class=\"has-text-color\" style=\"color:#95bdd2e3\">The Venue<\/p>\n\n\n\n<h2 class=\"wp-block-heading has-text-color\" style=\"color:#5389bc\">Wroc\u0142aw University of Science and Technology<\/h2>\n\n\n\n<h3 class=\"wp-block-heading has-text-color\" style=\"color:#4a89bd\">12-14 June 2023, Wroc\u0142aw, Poland<\/h3>\n\n\n\n<div style=\"height:36px\" aria-hidden=\"true\" class=\"wp-block-spacer\"><\/div>\n\n\n\n<div class=\"wp-block-buttons is-layout-flex wp-block-buttons-is-layout-flex\">\n<div class=\"wp-block-button is-style-fill\"><a class=\"wp-block-button__link wp-element-button\" href=\"https:\/\/wa.pwr.edu.pl\/en\/\" target=\"_blank\" rel=\"noreferrer noopener\">Learn More<\/a><\/div>\n<\/div>\n<\/div>\n\n\n\n<div style=\"height:30px\" aria-hidden=\"true\" class=\"wp-block-spacer\"><\/div>\n\n\n\n<h1 class=\"wp-block-heading\">The Conference<\/h1>\n\n\n\n<p>&nbsp;<\/p>\n\n\n\n<p>Under the joint patronage of the Faculty of Architecture at Wroc\u0142aw University of Science and Technology Wroc\u0142aw, Poland, in collaboration with the Faculty of Architecture at Cracow University of Technology, Krak\u00f3w, Poland; the Faculty of Architecture at Gda\u0144sk University of Technology, Gda\u0144sk, Poland; the Faculty of Architecture and Design at Slovak University of Technology in Bratislava, Slovakia; and the World Institute for Engineering and Technology Education (WIETE), these institutions organise jointly the 2023 Conference on Engineering and Architecture Design Education (EADE-2023) to take place at Wroc\u0142aw University of Science and Technology, Wroc\u0142aw, Poland, between 12 and 14 June 2023.<\/p>\n\n\n\n<p>At this stage, the Commonwealth Science and Technology Academy for Research (C-STAR), Chennai, India, a Partner Institution of the WIETE, is the Conference Co-sponsor. It is anticipated that the number of Co-sponsors and Support Organisations will increase as several other institutions consider becoming involved in this endeavour.<\/p>\n\n\n\n<p>This 2023 Conference on Engineering and Architecture Design Education (EADE-2023) follows the EADE-2021 held in Bratislava, Slovakia, over the Internet, due to the Covid-19 pandemic; the EADE-2020 held in Gda\u0144sk, Poland, also over the Internet, the successful EADE-2019 held in Kak\u00f3w, Poland; and the EADE-2018, held in Bratislava, Slovakia, in 2018; and builds on the series of extremely successful international conferences held in the past by the UICEE and WIETE, such as the World Conference on Technology and Engineering Education (Krak\u00f3w 2010, Ljubljana 2011, Athens 2014 and Bratislava 2015); the World Conference on Engineering Education (Sydney 1989, Portsmouth 1992, Minneapolis-St. Paul 1995); the East-West Congress on Engineering Education (Krak\u00f3w 1991, \u0141\u00f3d\u017a 1993, Gdynia 1996) and, then, the Global Congress on Engineering Education (Krak\u00f3w 1998, Wismar 2000, Glasgow 2002, Bangkok 2004 and New York 2006), to name a few. Based on such previous extensive experience, the present Conference is a continuation of the international effort of sharing and exchanging ideas, experiences and achievements within the international community of technology and engineering, as well as engineering and architecture educators in this case.<\/p>\n\n\n\n<figure class=\"wp-block-image alignfull size-large\"><img decoding=\"async\" src=\"https:\/\/eade.pwr.edu.pl\/wp-content\/uploads\/2023\/02\/pasek-2.jpg?w=1024\" alt=\"\" class=\"wp-image-83\"\/><\/figure>\n","protected":false},"excerpt":{"rendered":"<p>Conference on Engineering and Architecture Design Education (EADE-2023) The Organisers Faculty of Architecture, Wroc\u0142aw University of Science and Technology, Wroc\u0142aw, Poland Faculty of Architecture, Cracow University of Technology, Krak\u00f3w, Poland Faculty of Architecture, Gda\u0144sk University of Technology, Gda\u0144sk, Poland Faculty of Architecture and Design, Slovak University of Technology in Bratislava, Bratislava, Slovakia The World Institute [&hellip;]<\/p>\n","protected":false},"author":2,"featured_media":0,"parent":0,"menu_order":0,"comment_status":"closed","ping_status":"closed","template":"","meta":{"footnotes":""},"class_list":["post-108","page","type-page","status-publish","hentry"],"_links":{"self":[{"href":"https:\/\/eade.pwr.edu.pl\/index.php?rest_route=\/wp\/v2\/pages\/108","targetHints":{"allow":["GET"]}}],"collection":[{"href":"https:\/\/eade.pwr.edu.pl\/index.php?rest_route=\/wp\/v2\/pages"}],"about":[{"href":"https:\/\/eade.pwr.edu.pl\/index.php?rest_route=\/wp\/v2\/types\/page"}],"author":[{"embeddable":true,"href":"https:\/\/eade.pwr.edu.pl\/index.php?rest_route=\/wp\/v2\/users\/2"}],"replies":[{"embeddable":true,"href":"https:\/\/eade.pwr.edu.pl\/index.php?rest_route=%2Fwp%2Fv2%2Fcomments&post=108"}],"version-history":[{"count":3,"href":"https:\/\/eade.pwr.edu.pl\/index.php?rest_route=\/wp\/v2\/pages\/108\/revisions"}],"predecessor-version":[{"id":142,"href":"https:\/\/eade.pwr.edu.pl\/index.php?rest_route=\/wp\/v2\/pages\/108\/revisions\/142"}],"wp:attachment":[{"href":"https:\/\/eade.pwr.edu.pl\/index.php?rest_route=%2Fwp%2Fv2%2Fmedia&parent=108"}],"curies":[{"name":"wp","href":"https:\/\/api.w.org\/{rel}","templated":true}]}}